{"id":706,"date":"2024-10-16T18:57:54","date_gmt":"2024-10-16T18:57:54","guid":{"rendered":"https:\/\/miratera.com\/politica-de-cookies\/"},"modified":"2024-11-22T12:21:29","modified_gmt":"2024-11-22T12:21:29","slug":"politica-de-cookies","status":"publish","type":"page","link":"https:\/\/miratera.com\/es\/politica-de-cookies\/","title":{"rendered":"Pol\u00edtica de cookies"},"content":{"rendered":"\t\t<div data-elementor-type=\"wp-page\" data-elementor-id=\"706\" class=\"elementor elementor-706 elementor-352\" data-elementor-post-type=\"page\">\n\t\t\t\t<div class=\"elementor-element elementor-element-30890548 e-flex e-con-boxed e-con e-parent\" data-id=\"30890548\" data-element_type=\"container\" data-e-type=\"container\">\n\t\t\t\t\t<div class=\"e-con-inner\">\n\t\t\t\t<div class=\"elementor-element elementor-element-73f0edfe elementor-widget elementor-widget-text-editor\" data-id=\"73f0edfe\" data-element_type=\"widget\" data-e-type=\"widget\" data-widget_type=\"text-editor.default\">\n\t\t\t\t<div class=\"elementor-widget-container\">\n\t\t\t\t\t\t\t\t\t\n<h3><strong>Pol\u00edtica de cookies<\/strong><\/h3>\n\n<p><strong>Miratera S.L.<br><\/strong>Avenida Pineda, 84 &#8211; P. 3 PTA. 4<br>08860 Castelldefels, Barcelona<br>Espa\u00f1a<br>Reg. Reg: ES-B56513237 <\/p>\n\n<p>Fecha de entrada en vigor: 1 de octubre de 2024<\/p>\n\n<p>En <a href=\"http:\/\/miratera.com\">Miratera<\/a> utilizamos cookies y tecnolog\u00edas de seguimiento similares para mejorar tu experiencia en nuestro sitio web, <a href=\"http:\/\/miratera.com\">miratera.com<\/a>. Esta Pol\u00edtica de Cookies explica qu\u00e9 son las cookies, c\u00f3mo las utilizamos y tus opciones para gestionarlas. <\/p>\n<p> <\/p>\n\n<h3><strong>1. \u00bfQu\u00e9 son las cookies?<\/strong><\/h3>\n\n<p>Las cookies son peque\u00f1os archivos que se almacenan en tu dispositivo (ordenador, smartphone, etc.) cuando visitas un sitio web. Las cookies permiten al sitio web reconocer tu dispositivo, recordar tus preferencias y mejorar tu experiencia de navegaci\u00f3n. Tambi\u00e9n pueden utilizarse para recopilar informaci\u00f3n sobre tu actividad en l\u00ednea y con fines publicitarios.  <\/p>\n<p> <\/p>\n\n<h3><strong>2. Tipos de cookies que utilizamos<\/strong><\/h3>\n\n<p>En nuestro sitio web utilizamos los siguientes tipos de cookies:<\/p>\n\n<p>&#8211; <strong>Cookies esenciales:<\/strong> Estas cookies son necesarias para que el sitio web funcione correctamente. Te permiten navegar por nuestro sitio web y utilizar sus funciones, como acceder a \u00e1reas seguras. Deshabilitar estas cookies puede afectar al funcionamiento del sitio web.  <\/p>\n\n<p>&#8211; <strong>Cookies anal\u00edticas:<\/strong><\/p>\n<p>Estas cookies nos ayudan a comprender c\u00f3mo interact\u00faan los visitantes con nuestro sitio web mediante la recopilaci\u00f3n y notificaci\u00f3n de informaci\u00f3n de forma an\u00f3nima. Estos datos nos ayudan a mejorar la funcionalidad y el rendimiento de nuestro sitio. <\/p>\n\n<p>&#8211; <strong>Cookies funcionales:<\/strong> Estas cookies permiten a nuestro sitio web recordar las elecciones que haces (como tus preferencias de idioma) y proporcionar funciones mejoradas y m\u00e1s personalizadas.<\/p>\n\n<p>&#8211; <strong>Cookies publicitarias:<\/strong> Estas cookies se utilizan para ofrecer anuncios que sean relevantes para ti y tus intereses. Tambi\u00e9n ayudan a limitar el n\u00famero de veces que ves un anuncio y a medir la eficacia de las campa\u00f1as publicitarias. <\/p>\n<p> <\/p>\n\n<h3><strong>3. C\u00f3mo utilizamos las cookies<\/strong><\/h3>\n\n<p>Utilizamos cookies para:<\/p>\n\n<p>&#8211; Mejorar tu experiencia en nuestro sitio web recordando tus preferencias.<\/p>\n\n<p>&#8211; Comprender c\u00f3mo utilizan los visitantes nuestro sitio y mejorar su rendimiento.<\/p>\n\n<p>&#8211; Personalizar el contenido y la publicidad en funci\u00f3n de tu comportamiento de navegaci\u00f3n.<\/p>\n\n<p>&#8211; Permitirte compartir contenidos en las redes sociales y participar en nuestro sitio web de otras formas.<\/p>\n<p> <\/p>\n\n<h3><strong>4. Cookies de terceros<\/strong><\/h3>\n\n<p>Tambi\u00e9n podemos utilizar cookies de terceros de proveedores de servicios, como socios anal\u00edticos y publicitarios. Estas cookies se rigen por las pol\u00edticas de privacidad de los respectivos terceros, y no tenemos control sobre ellas. <\/p>\n<p> <\/p>\n\n<h3><strong>5. Tus opciones respecto a las cookies<\/strong><\/h3>\n\n<p>Puedes gestionar o desactivar las cookies a trav\u00e9s de la configuraci\u00f3n de tu navegador. La mayor\u00eda de los navegadores te permiten rechazar o eliminar cookies, y la configuraci\u00f3n suele encontrarse en el men\u00fa \u00abOpciones\u00bb o \u00abPreferencias\u00bb de tu navegador. Ten en cuenta que desactivar las cookies puede afectar a la funcionalidad de nuestro sitio web.  <\/p>\n\n<p>Para saber m\u00e1s sobre las cookies y c\u00f3mo gestionarlas, visita <a href=\"http:\/\/www.aboutcookies.org\">www.aboutcookies.org<\/a> o <a href=\"http:\/\/www.allaboutcookies.org\">www.allaboutcookies.org.<\/a><\/p>\n<p> <\/p>\n\n<h3><strong>6. Actualizaciones de esta Pol\u00edtica de Cookies<\/strong><\/h3>\n\n<p>Podemos actualizar esta Pol\u00edtica de Cookies de vez en cuando para reflejar cambios en nuestras pr\u00e1cticas y servicios. Cualquier actualizaci\u00f3n se publicar\u00e1 en esta p\u00e1gina, y la fecha de entrada en vigor se indicar\u00e1 en la parte superior de la pol\u00edtica. <\/p>\n<p> <\/p>\n\n<h3><strong>7. Contacta con nosotros<\/strong><\/h3>\n\n<p>Si tienes alguna pregunta o duda sobre nuestro uso de las cookies, ponte en contacto con nosotros en<\/p>\n\n<p>Correo electr\u00f3nico: s.eshghi@miratera.com<\/p>\n\n<p> <\/p>\n\t\t\t\t\t\t\t\t<\/div>\n\t\t\t\t<\/div>\n\t\t\t\t\t<\/div>\n\t\t\t\t<\/div>\n\t\t\t\t<\/div>\n\t\t","protected":false},"excerpt":{"rendered":"<p>Pol\u00edtica de cookies Miratera S.L.Avenida Pineda, 84 &#8211; P. 3 PTA. 408860 Castelldefels, BarcelonaEspa\u00f1aReg. Reg: ES-B56513237 Fecha de entrada en vigor: 1 de octubre de 2024 En Miratera utilizamos cookies y tecnolog\u00edas de seguimiento similares para mejorar tu experiencia en nuestro sitio web, miratera.com. Esta Pol\u00edtica de Cookies explica qu\u00e9 son las cookies, c\u00f3mo las [&hellip;]<\/p>\n","protected":false},"author":1,"featured_media":0,"parent":0,"menu_order":0,"comment_status":"closed","ping_status":"closed","template":"","meta":{"footnotes":""},"class_list":["post-706","page","type-page","status-publish","hentry"],"_links":{"self":[{"href":"https:\/\/miratera.com\/es\/wp-json\/wp\/v2\/pages\/706","targetHints":{"allow":["GET"]}}],"collection":[{"href":"https:\/\/miratera.com\/es\/wp-json\/wp\/v2\/pages"}],"about":[{"href":"https:\/\/miratera.com\/es\/wp-json\/wp\/v2\/types\/page"}],"author":[{"embeddable":true,"href":"https:\/\/miratera.com\/es\/wp-json\/wp\/v2\/users\/1"}],"replies":[{"embeddable":true,"href":"https:\/\/miratera.com\/es\/wp-json\/wp\/v2\/comments?post=706"}],"version-history":[{"count":5,"href":"https:\/\/miratera.com\/es\/wp-json\/wp\/v2\/pages\/706\/revisions"}],"predecessor-version":[{"id":716,"href":"https:\/\/miratera.com\/es\/wp-json\/wp\/v2\/pages\/706\/revisions\/716"}],"wp:attachment":[{"href":"https:\/\/miratera.com\/es\/wp-json\/wp\/v2\/media?parent=706"}],"curies":[{"name":"wp","href":"https:\/\/api.w.org\/{rel}","templated":true}]}}