{"id":692,"date":"2024-10-15T14:20:38","date_gmt":"2024-10-15T14:20:38","guid":{"rendered":"https:\/\/miratera.com\/acerca-de\/"},"modified":"2026-01-16T09:41:47","modified_gmt":"2026-01-16T09:41:47","slug":"acerca-de","status":"publish","type":"page","link":"https:\/\/miratera.com\/es\/acerca-de\/","title":{"rendered":"Acerca de"},"content":{"rendered":"\t\t<div data-elementor-type=\"wp-page\" data-elementor-id=\"692\" class=\"elementor elementor-692 elementor-198\" data-elementor-post-type=\"page\">\n\t\t\t\t<div class=\"elementor-element elementor-element-fda497c e-flex e-con-boxed e-con e-parent\" data-id=\"fda497c\" data-element_type=\"container\" data-e-type=\"container\" data-settings=\"{&quot;background_background&quot;:&quot;classic&quot;}\">\n\t\t\t\t\t<div class=\"e-con-inner\">\n\t\t<div class=\"elementor-element elementor-element-536c74a e-con-full e-flex e-con e-child\" data-id=\"536c74a\" data-element_type=\"container\" data-e-type=\"container\">\n\t\t\t\t<div class=\"elementor-element elementor-element-29271b0 animated-slow elementor-invisible elementor-widget elementor-widget-heading\" data-id=\"29271b0\" data-element_type=\"widget\" data-e-type=\"widget\" data-settings=\"{&quot;_animation&quot;:&quot;fadeInUp&quot;,&quot;_animation_delay&quot;:200}\" data-widget_type=\"heading.default\">\n\t\t\t\t<div class=\"elementor-widget-container\">\n\t\t\t\t\t<h1 class=\"elementor-heading-title elementor-size-default\">Sobre nosotros<\/h1>\t\t\t\t<\/div>\n\t\t\t\t<\/div>\n\t\t\t\t<div class=\"elementor-element elementor-element-705c547 elementor-widget-divider--view-line elementor-invisible elementor-widget elementor-widget-divider\" data-id=\"705c547\" data-element_type=\"widget\" data-e-type=\"widget\" data-settings=\"{&quot;_animation&quot;:&quot;fadeIn&quot;,&quot;_animation_delay&quot;:300}\" data-widget_type=\"divider.default\">\n\t\t\t\t<div class=\"elementor-widget-container\">\n\t\t\t\t\t\t\t<div class=\"elementor-divider\">\n\t\t\t<span class=\"elementor-divider-separator\">\n\t\t\t\t\t\t<\/span>\n\t\t<\/div>\n\t\t\t\t\t\t<\/div>\n\t\t\t\t<\/div>\n\t\t\t\t<div class=\"elementor-element elementor-element-3f2d00f animated-slow elementor-invisible elementor-widget elementor-widget-heading\" data-id=\"3f2d00f\" data-element_type=\"widget\" data-e-type=\"widget\" data-settings=\"{&quot;_animation&quot;:&quot;fadeIn&quot;,&quot;_animation_delay&quot;:500}\" data-widget_type=\"heading.default\">\n\t\t\t\t<div class=\"elementor-widget-container\">\n\t\t\t\t\t<h2 class=\"elementor-heading-title elementor-size-default\">Superar las expectativas<\/h2>\t\t\t\t<\/div>\n\t\t\t\t<\/div>\n\t\t\t\t<div class=\"elementor-element elementor-element-21520cb animated-slow elementor-invisible elementor-widget elementor-widget-text-editor\" data-id=\"21520cb\" data-element_type=\"widget\" data-e-type=\"widget\" data-settings=\"{&quot;_animation&quot;:&quot;fadeIn&quot;,&quot;_animation_delay&quot;:500}\" data-widget_type=\"text-editor.default\">\n\t\t\t\t<div class=\"elementor-widget-container\">\n\t\t\t\t\t\t\t\t\t<p class=\"p1\">En Miratera, nos apasiona abastecernos y ofrecer los mejores ingredientes del mundo. Fundada con un compromiso de calidad e integridad, nos especializamos en ofrecerte productos exclusivos como azafr\u00e1n iran\u00ed de primera calidad, sal azul persa y exquisitos aceites de oliva.  <\/p><p class=\"p1\">Creemos que los mejores ingredientes proceden de fuentes fiables, y hacemos todo lo posible para asegurarnos de que todos los productos cumplen nuestras estrictas normas.<\/p>\t\t\t\t\t\t\t\t<\/div>\n\t\t\t\t<\/div>\n\t\t\t\t<\/div>\n\t\t\t\t\t<\/div>\n\t\t\t\t<\/div>\n\t\t<div class=\"elementor-element elementor-element-f1e401f e-flex e-con-boxed e-con e-parent\" data-id=\"f1e401f\" data-element_type=\"container\" data-e-type=\"container\" data-settings=\"{&quot;background_background&quot;:&quot;classic&quot;}\">\n\t\t\t\t\t<div class=\"e-con-inner\">\n\t\t<div class=\"elementor-element elementor-element-34c2e1c e-con-full e-flex elementor-invisible e-con e-child\" data-id=\"34c2e1c\" data-element_type=\"container\" data-e-type=\"container\" data-settings=\"{&quot;animation&quot;:&quot;fadeInLeft&quot;,&quot;animation_delay&quot;:800}\">\n\t\t<div class=\"elementor-element elementor-element-757de16 e-con-full e-flex e-con e-child\" data-id=\"757de16\" data-element_type=\"container\" data-e-type=\"container\">\n\t\t<div class=\"elementor-element elementor-element-a73361c e-con-full e-flex e-con e-child\" data-id=\"a73361c\" data-element_type=\"container\" data-e-type=\"container\">\n\t\t\t\t<div class=\"elementor-element elementor-element-4c9fcf3 elementor-widget elementor-widget-image\" data-id=\"4c9fcf3\" data-element_type=\"widget\" data-e-type=\"widget\" data-widget_type=\"image.default\">\n\t\t\t\t<div class=\"elementor-widget-container\">\n\t\t\t\t\t\t\t\t\t\t\t\t\t\t\t<img fetchpriority=\"high\" decoding=\"async\" width=\"800\" height=\"521\" src=\"https:\/\/miratera.com\/wp-content\/uploads\/2025\/02\/Polymer02-1.jpg\" class=\"attachment-large size-large wp-image-798\" alt=\"\" srcset=\"https:\/\/miratera.com\/wp-content\/uploads\/2025\/02\/Polymer02-1.jpg 800w, https:\/\/miratera.com\/wp-content\/uploads\/2025\/02\/Polymer02-1-300x195.jpg 300w, https:\/\/miratera.com\/wp-content\/uploads\/2025\/02\/Polymer02-1-768x500.jpg 768w\" sizes=\"(max-width: 800px) 100vw, 800px\" \/>\t\t\t\t\t\t\t\t\t\t\t\t\t\t\t<\/div>\n\t\t\t\t<\/div>\n\t\t\t\t<\/div>\n\t\t<div class=\"elementor-element elementor-element-a004489 e-con-full e-flex e-con e-child\" data-id=\"a004489\" data-element_type=\"container\" data-e-type=\"container\">\n\t\t\t\t<div class=\"elementor-element elementor-element-fd32be2 elementor-widget elementor-widget-image\" data-id=\"fd32be2\" data-element_type=\"widget\" data-e-type=\"widget\" data-widget_type=\"image.default\">\n\t\t\t\t<div class=\"elementor-widget-container\">\n\t\t\t\t\t\t\t\t\t\t\t\t\t\t\t<img decoding=\"async\" width=\"800\" height=\"533\" src=\"https:\/\/miratera.com\/wp-content\/uploads\/2026\/01\/general-trading-worldwide-1024x682.jpeg\" class=\"attachment-large size-large wp-image-873\" alt=\"\" srcset=\"https:\/\/miratera.com\/wp-content\/uploads\/2026\/01\/general-trading-worldwide-1024x682.jpeg 1024w, https:\/\/miratera.com\/wp-content\/uploads\/2026\/01\/general-trading-worldwide-300x200.jpeg 300w, https:\/\/miratera.com\/wp-content\/uploads\/2026\/01\/general-trading-worldwide-768x512.jpeg 768w, https:\/\/miratera.com\/wp-content\/uploads\/2026\/01\/general-trading-worldwide.jpeg 1280w\" sizes=\"(max-width: 800px) 100vw, 800px\" \/>\t\t\t\t\t\t\t\t\t\t\t\t\t\t\t<\/div>\n\t\t\t\t<\/div>\n\t\t\t\t<\/div>\n\t\t\t\t<\/div>\n\t\t<div class=\"elementor-element elementor-element-940d579 e-con-full e-flex e-con e-child\" data-id=\"940d579\" data-element_type=\"container\" data-e-type=\"container\">\n\t\t<div class=\"elementor-element elementor-element-dbf0b56 e-con-full e-flex e-con e-child\" data-id=\"dbf0b56\" data-element_type=\"container\" data-e-type=\"container\">\n\t\t\t\t<div class=\"elementor-element elementor-element-8eb17b8 elementor-widget elementor-widget-image\" data-id=\"8eb17b8\" data-element_type=\"widget\" data-e-type=\"widget\" data-widget_type=\"image.default\">\n\t\t\t\t<div class=\"elementor-widget-container\">\n\t\t\t\t\t\t\t\t\t\t\t\t\t\t\t<img decoding=\"async\" width=\"800\" height=\"533\" src=\"https:\/\/miratera.com\/wp-content\/uploads\/2024\/11\/technician-examining-olive-oil-2023-11-27-05-11-29-utc-Large-1024x682.jpeg\" class=\"attachment-large size-large wp-image-649\" alt=\"\" srcset=\"https:\/\/miratera.com\/wp-content\/uploads\/2024\/11\/technician-examining-olive-oil-2023-11-27-05-11-29-utc-Large-1024x682.jpeg 1024w, https:\/\/miratera.com\/wp-content\/uploads\/2024\/11\/technician-examining-olive-oil-2023-11-27-05-11-29-utc-Large-300x200.jpeg 300w, https:\/\/miratera.com\/wp-content\/uploads\/2024\/11\/technician-examining-olive-oil-2023-11-27-05-11-29-utc-Large-768x512.jpeg 768w, https:\/\/miratera.com\/wp-content\/uploads\/2024\/11\/technician-examining-olive-oil-2023-11-27-05-11-29-utc-Large.jpeg 1280w\" sizes=\"(max-width: 800px) 100vw, 800px\" \/>\t\t\t\t\t\t\t\t\t\t\t\t\t\t\t<\/div>\n\t\t\t\t<\/div>\n\t\t\t\t<\/div>\n\t\t<div class=\"elementor-element elementor-element-3de0c4d e-con-full e-flex e-con e-child\" data-id=\"3de0c4d\" data-element_type=\"container\" data-e-type=\"container\">\n\t\t\t\t<div class=\"elementor-element elementor-element-abe05f7 elementor-widget elementor-widget-image\" data-id=\"abe05f7\" data-element_type=\"widget\" data-e-type=\"widget\" data-widget_type=\"image.default\">\n\t\t\t\t<div class=\"elementor-widget-container\">\n\t\t\t\t\t\t\t\t\t\t\t\t\t\t\t<img loading=\"lazy\" decoding=\"async\" width=\"800\" height=\"534\" src=\"https:\/\/miratera.com\/wp-content\/uploads\/2024\/11\/red-thin-hot-chili-threads-on-a-dark-background-2023-11-27-05-05-59-utc-Large-1-1024x683.jpeg\" class=\"attachment-large size-large wp-image-648\" alt=\"\" srcset=\"https:\/\/miratera.com\/wp-content\/uploads\/2024\/11\/red-thin-hot-chili-threads-on-a-dark-background-2023-11-27-05-05-59-utc-Large-1-1024x683.jpeg 1024w, https:\/\/miratera.com\/wp-content\/uploads\/2024\/11\/red-thin-hot-chili-threads-on-a-dark-background-2023-11-27-05-05-59-utc-Large-1-300x200.jpeg 300w, https:\/\/miratera.com\/wp-content\/uploads\/2024\/11\/red-thin-hot-chili-threads-on-a-dark-background-2023-11-27-05-05-59-utc-Large-1-768x512.jpeg 768w, https:\/\/miratera.com\/wp-content\/uploads\/2024\/11\/red-thin-hot-chili-threads-on-a-dark-background-2023-11-27-05-05-59-utc-Large-1.jpeg 1280w\" sizes=\"(max-width: 800px) 100vw, 800px\" \/>\t\t\t\t\t\t\t\t\t\t\t\t\t\t\t<\/div>\n\t\t\t\t<\/div>\n\t\t\t\t<\/div>\n\t\t\t\t<\/div>\n\t\t\t\t<\/div>\n\t\t<div class=\"elementor-element elementor-element-ef38bdb e-con-full e-flex elementor-invisible e-con e-child\" data-id=\"ef38bdb\" data-element_type=\"container\" data-e-type=\"container\" data-settings=\"{&quot;animation&quot;:&quot;fadeIn&quot;,&quot;animation_delay&quot;:400}\">\n\t\t\t\t<div class=\"elementor-element elementor-element-35d853a elementor-widget elementor-widget-heading\" data-id=\"35d853a\" data-element_type=\"widget\" data-e-type=\"widget\" data-widget_type=\"heading.default\">\n\t\t\t\t<div class=\"elementor-widget-container\">\n\t\t\t\t\t<h2 class=\"elementor-heading-title elementor-size-default\">Nuestros objetivos y compromisos<\/h2>\t\t\t\t<\/div>\n\t\t\t\t<\/div>\n\t\t\t\t<div class=\"elementor-element elementor-element-ec2f2c6 animated-slow elementor-invisible elementor-widget elementor-widget-text-editor\" data-id=\"ec2f2c6\" data-element_type=\"widget\" data-e-type=\"widget\" data-settings=\"{&quot;_animation&quot;:&quot;fadeInRight&quot;,&quot;_animation_delay&quot;:700}\" data-widget_type=\"text-editor.default\">\n\t\t\t\t<div class=\"elementor-widget-container\">\n\t\t\t\t\t\t\t\t\t<p><strong>Nuestro objetivo es sencillo: <br><\/strong>para proporcionarte productos de alta calidad y una experiencia sin problemas en la que puedas confiar.<\/p>\t\t\t\t\t\t\t\t<\/div>\n\t\t\t\t<\/div>\n\t\t\t\t<div class=\"elementor-element elementor-element-368c9c5 animated-slow elementor-invisible elementor-widget elementor-widget-text-editor\" data-id=\"368c9c5\" data-element_type=\"widget\" data-e-type=\"widget\" data-settings=\"{&quot;_animation&quot;:&quot;fadeInRight&quot;,&quot;_animation_delay&quot;:700}\" data-widget_type=\"text-editor.default\">\n\t\t\t\t<div class=\"elementor-widget-container\">\n\t\t\t\t\t\t\t\t\t<p>Estamos aqu\u00ed para aportar valor y confianza a cada interacci\u00f3n, para que puedas centrarte en lo que mejor sabes hacer, sabiendo que te cubrimos con ingredientes excepcionales y un servicio fiable.<\/p><p>Lo que hace que nuestros clientes elijan Miratera es nuestra dedicaci\u00f3n a encontrar buenas ofertas y nuestro enfoque en productos de alta calidad que raramente se importan a otros mercados.<\/p><p>Desde el momento en que trabajes con nosotros, experimentar\u00e1s una dedicaci\u00f3n a la calidad que se extiende desde nuestra oferta de productos hasta nuestro servicio de atenci\u00f3n al cliente. Trabajamos con los mejores proveedores log\u00edsticos y compa\u00f1\u00edas de seguros para asegurar una entrega sin contratiempos, garantizando que cada producto te llegue seguro y a tiempo.<\/p>\t\t\t\t\t\t\t\t<\/div>\n\t\t\t\t<\/div>\n\t\t\t\t<\/div>\n\t\t\t\t\t<\/div>\n\t\t\t\t<\/div>\n\t\t<div class=\"elementor-element elementor-element-ebe7454 e-flex e-con-boxed e-con e-parent\" data-id=\"ebe7454\" data-element_type=\"container\" data-e-type=\"container\">\n\t\t\t\t\t<div class=\"e-con-inner\">\n\t\t<div class=\"elementor-element elementor-element-1ae92d2 e-con-full e-flex e-con e-child\" data-id=\"1ae92d2\" data-element_type=\"container\" data-e-type=\"container\">\n\t\t\t\t<div class=\"elementor-element elementor-element-f155580 elementor-invisible elementor-widget elementor-widget-heading\" data-id=\"f155580\" data-element_type=\"widget\" data-e-type=\"widget\" data-settings=\"{&quot;_animation&quot;:&quot;fadeIn&quot;,&quot;_animation_delay&quot;:400}\" data-widget_type=\"heading.default\">\n\t\t\t\t<div class=\"elementor-widget-container\">\n\t\t\t\t\t<h2 class=\"elementor-heading-title elementor-size-default\">Siempre aspiramos a un 100% en:<\/h2>\t\t\t\t<\/div>\n\t\t\t\t<\/div>\n\t\t\t\t<div class=\"elementor-element elementor-element-3f4b421 elementor-widget elementor-widget-spacer\" data-id=\"3f4b421\" data-element_type=\"widget\" data-e-type=\"widget\" data-widget_type=\"spacer.default\">\n\t\t\t\t<div class=\"elementor-widget-container\">\n\t\t\t\t\t\t\t<div class=\"elementor-spacer\">\n\t\t\t<div class=\"elementor-spacer-inner\"><\/div>\n\t\t<\/div>\n\t\t\t\t\t\t<\/div>\n\t\t\t\t<\/div>\n\t\t<div class=\"elementor-element elementor-element-d7c8a8e e-grid e-con-full e-con e-child\" data-id=\"d7c8a8e\" data-element_type=\"container\" data-e-type=\"container\">\n\t\t\t\t<div class=\"elementor-element elementor-element-3148410 animated-slow elementor-invisible elementor-widget elementor-widget-progress\" data-id=\"3148410\" data-element_type=\"widget\" data-e-type=\"widget\" data-settings=\"{&quot;_animation&quot;:&quot;fadeInLeft&quot;,&quot;_animation_delay&quot;:200}\" data-widget_type=\"progress.default\">\n\t\t\t\t<div class=\"elementor-widget-container\">\n\t\t\t\t\t\t\t\t<span class=\"elementor-title\" id=\"elementor-progress-bar-3148410\">\n\t\t\t\tAutenticidad y originalidad\t\t\t<\/span>\n\t\t\n\t\t<div aria-labelledby=\"elementor-progress-bar-3148410\" class=\"elementor-progress-wrapper\" role=\"progressbar\" aria-valuemin=\"0\" aria-valuemax=\"100\" aria-valuenow=\"100\">\n\t\t\t<div class=\"elementor-progress-bar\" data-max=\"100\">\n\t\t\t\t<span class=\"elementor-progress-text\"><\/span>\n\t\t\t\t\t\t\t\t\t<span class=\"elementor-progress-percentage\">100%<\/span>\n\t\t\t\t\t\t\t<\/div>\n\t\t<\/div>\n\t\t\t\t\t\t<\/div>\n\t\t\t\t<\/div>\n\t\t\t\t<div class=\"elementor-element elementor-element-d911a7f animated-slow elementor-invisible elementor-widget elementor-widget-progress\" data-id=\"d911a7f\" data-element_type=\"widget\" data-e-type=\"widget\" data-settings=\"{&quot;_animation&quot;:&quot;fadeInDown&quot;,&quot;_animation_delay&quot;:300}\" data-widget_type=\"progress.default\">\n\t\t\t\t<div class=\"elementor-widget-container\">\n\t\t\t\t\t\t\t\t<span class=\"elementor-title\" id=\"elementor-progress-bar-d911a7f\">\n\t\t\t\tPrecios competitivos y justos\t\t\t<\/span>\n\t\t\n\t\t<div aria-labelledby=\"elementor-progress-bar-d911a7f\" class=\"elementor-progress-wrapper\" role=\"progressbar\" aria-valuemin=\"0\" aria-valuemax=\"100\" aria-valuenow=\"100\">\n\t\t\t<div class=\"elementor-progress-bar\" data-max=\"100\">\n\t\t\t\t<span class=\"elementor-progress-text\"><\/span>\n\t\t\t\t\t\t\t\t\t<span class=\"elementor-progress-percentage\">100%<\/span>\n\t\t\t\t\t\t\t<\/div>\n\t\t<\/div>\n\t\t\t\t\t\t<\/div>\n\t\t\t\t<\/div>\n\t\t\t\t<div class=\"elementor-element elementor-element-fcf2ee1 elementor-invisible elementor-widget elementor-widget-progress\" data-id=\"fcf2ee1\" data-element_type=\"widget\" data-e-type=\"widget\" data-settings=\"{&quot;_animation&quot;:&quot;fadeInUp&quot;,&quot;_animation_delay&quot;:500}\" data-widget_type=\"progress.default\">\n\t\t\t\t<div class=\"elementor-widget-container\">\n\t\t\t\t\t\t\t\t<span class=\"elementor-title\" id=\"elementor-progress-bar-fcf2ee1\">\n\t\t\t\tProducci\u00f3n responsable\t\t\t<\/span>\n\t\t\n\t\t<div aria-labelledby=\"elementor-progress-bar-fcf2ee1\" class=\"elementor-progress-wrapper\" role=\"progressbar\" aria-valuemin=\"0\" aria-valuemax=\"100\" aria-valuenow=\"100\">\n\t\t\t<div class=\"elementor-progress-bar\" data-max=\"100\">\n\t\t\t\t<span class=\"elementor-progress-text\"><\/span>\n\t\t\t\t\t\t\t\t\t<span class=\"elementor-progress-percentage\">100%<\/span>\n\t\t\t\t\t\t\t<\/div>\n\t\t<\/div>\n\t\t\t\t\t\t<\/div>\n\t\t\t\t<\/div>\n\t\t\t\t<div class=\"elementor-element elementor-element-065d2b4 animated-fast elementor-invisible elementor-widget elementor-widget-progress\" data-id=\"065d2b4\" data-element_type=\"widget\" data-e-type=\"widget\" data-settings=\"{&quot;_animation&quot;:&quot;fadeInRight&quot;,&quot;_animation_delay&quot;:800}\" data-widget_type=\"progress.default\">\n\t\t\t\t<div class=\"elementor-widget-container\">\n\t\t\t\t\t\t\t\t<span class=\"elementor-title\" id=\"elementor-progress-bar-065d2b4\">\n\t\t\t\tClientes satisfechos\t\t\t<\/span>\n\t\t\n\t\t<div aria-labelledby=\"elementor-progress-bar-065d2b4\" class=\"elementor-progress-wrapper\" role=\"progressbar\" aria-valuemin=\"0\" aria-valuemax=\"100\" aria-valuenow=\"100\">\n\t\t\t<div class=\"elementor-progress-bar\" data-max=\"100\">\n\t\t\t\t<span class=\"elementor-progress-text\"><\/span>\n\t\t\t\t\t\t\t\t\t<span class=\"elementor-progress-percentage\">100%<\/span>\n\t\t\t\t\t\t\t<\/div>\n\t\t<\/div>\n\t\t\t\t\t\t<\/div>\n\t\t\t\t<\/div>\n\t\t\t\t<\/div>\n\t\t<div class=\"elementor-element elementor-element-244f90f e-grid e-con-full e-con e-child\" data-id=\"244f90f\" data-element_type=\"container\" data-e-type=\"container\">\n\t\t\t\t<div class=\"elementor-element elementor-element-fb71b86 elementor-widget elementor-widget-text-editor\" data-id=\"fb71b86\" data-element_type=\"widget\" data-e-type=\"widget\" data-widget_type=\"text-editor.default\">\n\t\t\t\t<div class=\"elementor-widget-container\">\n\t\t\t\t\t\t\t\t\t<p class=\"p1\">Nuestra experiencia reside en nuestro riguroso enfoque de la investigaci\u00f3n de mercado y la selecci\u00f3n de proveedores. Trabajamos en estrecha colaboraci\u00f3n con proveedores de confianza para ofrecerte productos que destacan por su calidad, autenticidad y rareza. Al establecer relaciones con socios cuidadosamente seleccionados, garantizamos un suministro constante de ingredientes en los que nuestros clientes pueden confiar.<\/p>\t\t\t\t\t\t\t\t<\/div>\n\t\t\t\t<\/div>\n\t\t\t\t<div class=\"elementor-element elementor-element-be87dd1 elementor-widget elementor-widget-text-editor\" data-id=\"be87dd1\" data-element_type=\"widget\" data-e-type=\"widget\" data-widget_type=\"text-editor.default\">\n\t\t\t\t<div class=\"elementor-widget-container\">\n\t\t\t\t\t\t\t\t\t<p class=\"p1\">Pero no se trata s\u00f3lo de los productos, sino de las asociaciones. Consideramos a cada cliente y proveedor como una parte valiosa de nuestro viaje, esforz\u00e1ndonos por crear acuerdos justos y transparentes que beneficien a todos los implicados. Creemos en soluciones a largo plazo basadas en la confianza, el respeto y el \u00e9xito mutuo. Nuestro objetivo es crear relaciones duraderas ofreciendo no s\u00f3lo productos excepcionales, sino tambi\u00e9n un servicio excepcional.<\/p>\t\t\t\t\t\t\t\t<\/div>\n\t\t\t\t<\/div>\n\t\t\t\t<\/div>\n\t\t\t\t<\/div>\n\t\t\t\t\t<\/div>\n\t\t\t\t<\/div>\n\t\t<div class=\"elementor-element elementor-element-17d40c9 e-flex e-con-boxed e-con e-parent\" data-id=\"17d40c9\" data-element_type=\"container\" data-e-type=\"container\" data-settings=\"{&quot;background_background&quot;:&quot;classic&quot;}\">\n\t\t\t\t\t<div class=\"e-con-inner\">\n\t\t<div class=\"elementor-element elementor-element-7e864d9 e-con-full animated-slow e-flex elementor-invisible e-con e-child\" data-id=\"7e864d9\" data-element_type=\"container\" data-e-type=\"container\" data-settings=\"{&quot;animation&quot;:&quot;fadeIn&quot;}\">\n\t\t\t\t<div class=\"elementor-element elementor-element-6976e20 elementor-widget elementor-widget-heading\" data-id=\"6976e20\" data-element_type=\"widget\" data-e-type=\"widget\" data-widget_type=\"heading.default\">\n\t\t\t\t<div class=\"elementor-widget-container\">\n\t\t\t\t\t<h2 class=\"elementor-heading-title elementor-size-default\">Conoce a nuestro equipo<\/h2>\t\t\t\t<\/div>\n\t\t\t\t<\/div>\n\t\t\t\t<div class=\"elementor-element elementor-element-724a94b elementor-widget-divider--view-line elementor-widget elementor-widget-divider\" data-id=\"724a94b\" data-element_type=\"widget\" data-e-type=\"widget\" data-widget_type=\"divider.default\">\n\t\t\t\t<div class=\"elementor-widget-container\">\n\t\t\t\t\t\t\t<div class=\"elementor-divider\">\n\t\t\t<span class=\"elementor-divider-separator\">\n\t\t\t\t\t\t<\/span>\n\t\t<\/div>\n\t\t\t\t\t\t<\/div>\n\t\t\t\t<\/div>\n\t\t\t\t<div class=\"elementor-element elementor-element-80495c7 elementor-widget__width-initial elementor-widget elementor-widget-text-editor\" data-id=\"80495c7\" data-element_type=\"widget\" data-e-type=\"widget\" data-widget_type=\"text-editor.default\">\n\t\t\t\t<div class=\"elementor-widget-container\">\n\t\t\t\t\t\t\t\t\t<p>Somos m\u00e1s que un simple proveedor; somos tu socio en la creaci\u00f3n de la excelencia culinaria. Deja que te llevemos lo mejor de lo mejor, con el cuidado y la atenci\u00f3n al detalle que s\u00f3lo puede ofrecer un verdadero especialista.<\/p><p>Adem\u00e1s de nuestros socios en Grecia y Oriente Medio, las operaciones diarias est\u00e1n a cargo de:<\/p>\t\t\t\t\t\t\t\t<\/div>\n\t\t\t\t<\/div>\n\t\t<div class=\"elementor-element elementor-element-2056ea6 e-con-full e-flex e-con e-child\" data-id=\"2056ea6\" data-element_type=\"container\" data-e-type=\"container\">\n\t\t<div class=\"elementor-element elementor-element-a07e55d e-con-full e-flex e-con e-child\" data-id=\"a07e55d\" data-element_type=\"container\" data-e-type=\"container\">\n\t\t\t\t<div class=\"elementor-element elementor-element-b06d226 elementor-widget elementor-widget-image\" data-id=\"b06d226\" data-element_type=\"widget\" data-e-type=\"widget\" data-widget_type=\"image.default\">\n\t\t\t\t<div class=\"elementor-widget-container\">\n\t\t\t\t\t\t\t\t\t\t\t\t\t\t\t<img loading=\"lazy\" decoding=\"async\" width=\"800\" height=\"800\" src=\"https:\/\/miratera.com\/wp-content\/uploads\/2024\/10\/shahin-eshghi-miratera.jpeg\" class=\"attachment-large size-large wp-image-639\" alt=\"\" srcset=\"https:\/\/miratera.com\/wp-content\/uploads\/2024\/10\/shahin-eshghi-miratera.jpeg 800w, https:\/\/miratera.com\/wp-content\/uploads\/2024\/10\/shahin-eshghi-miratera-300x300.jpeg 300w, https:\/\/miratera.com\/wp-content\/uploads\/2024\/10\/shahin-eshghi-miratera-150x150.jpeg 150w, https:\/\/miratera.com\/wp-content\/uploads\/2024\/10\/shahin-eshghi-miratera-768x768.jpeg 768w\" sizes=\"(max-width: 800px) 100vw, 800px\" \/>\t\t\t\t\t\t\t\t\t\t\t\t\t\t\t<\/div>\n\t\t\t\t<\/div>\n\t\t\t\t<div class=\"elementor-element elementor-element-6dfbdaf elementor-widget elementor-widget-heading\" data-id=\"6dfbdaf\" data-element_type=\"widget\" data-e-type=\"widget\" data-widget_type=\"heading.default\">\n\t\t\t\t<div class=\"elementor-widget-container\">\n\t\t\t\t\t<h2 class=\"elementor-heading-title elementor-size-default\">Shahin Eshghi<\/h2>\t\t\t\t<\/div>\n\t\t\t\t<\/div>\n\t\t\t\t<div class=\"elementor-element elementor-element-7cd4c74 elementor-widget elementor-widget-heading\" data-id=\"7cd4c74\" data-element_type=\"widget\" data-e-type=\"widget\" data-widget_type=\"heading.default\">\n\t\t\t\t<div class=\"elementor-widget-container\">\n\t\t\t\t\t<h2 class=\"elementor-heading-title elementor-size-default\">Fundador y CEO<\/h2>\t\t\t\t<\/div>\n\t\t\t\t<\/div>\n\t\t\t\t<\/div>\n\t\t<div class=\"elementor-element elementor-element-077b8f0 e-con-full e-flex e-con e-child\" data-id=\"077b8f0\" data-element_type=\"container\" data-e-type=\"container\">\n\t\t\t\t<div class=\"elementor-element elementor-element-0203be9 elementor-widget elementor-widget-image\" data-id=\"0203be9\" data-element_type=\"widget\" data-e-type=\"widget\" data-widget_type=\"image.default\">\n\t\t\t\t<div class=\"elementor-widget-container\">\n\t\t\t\t\t\t\t\t\t\t\t\t\t\t\t<img loading=\"lazy\" decoding=\"async\" width=\"672\" height=\"672\" src=\"https:\/\/miratera.com\/wp-content\/uploads\/2024\/10\/jacob-munch-familie-alliancen-partner-e1729148004438.jpg\" class=\"attachment-large size-large wp-image-640\" alt=\"\" srcset=\"https:\/\/miratera.com\/wp-content\/uploads\/2024\/10\/jacob-munch-familie-alliancen-partner-e1729148004438.jpg 672w, https:\/\/miratera.com\/wp-content\/uploads\/2024\/10\/jacob-munch-familie-alliancen-partner-e1729148004438-300x300.jpg 300w, https:\/\/miratera.com\/wp-content\/uploads\/2024\/10\/jacob-munch-familie-alliancen-partner-e1729148004438-150x150.jpg 150w\" sizes=\"(max-width: 672px) 100vw, 672px\" \/>\t\t\t\t\t\t\t\t\t\t\t\t\t\t\t<\/div>\n\t\t\t\t<\/div>\n\t\t\t\t<div class=\"elementor-element elementor-element-a6e5ff4 elementor-widget elementor-widget-heading\" data-id=\"a6e5ff4\" data-element_type=\"widget\" data-e-type=\"widget\" data-widget_type=\"heading.default\">\n\t\t\t\t<div class=\"elementor-widget-container\">\n\t\t\t\t\t<h2 class=\"elementor-heading-title elementor-size-default\">Jacob Munch<\/h2>\t\t\t\t<\/div>\n\t\t\t\t<\/div>\n\t\t\t\t<div class=\"elementor-element elementor-element-b2c8502 elementor-widget elementor-widget-heading\" data-id=\"b2c8502\" data-element_type=\"widget\" data-e-type=\"widget\" data-widget_type=\"heading.default\">\n\t\t\t\t<div class=\"elementor-widget-container\">\n\t\t\t\t\t<h2 class=\"elementor-heading-title elementor-size-default\">Consultor externo de marca<\/h2>\t\t\t\t<\/div>\n\t\t\t\t<\/div>\n\t\t\t\t<\/div>\n\t\t\t\t<\/div>\n\t\t\t\t<\/div>\n\t\t\t\t\t<\/div>\n\t\t\t\t<\/div>\n\t\t\t\t<\/div>\n\t\t","protected":false},"excerpt":{"rendered":"<p>Sobre nosotros Superar las expectativas En Miratera, nos apasiona abastecernos y ofrecer los mejores ingredientes del mundo. Fundada con un compromiso de calidad e integridad, nos especializamos en ofrecerte productos exclusivos como azafr\u00e1n iran\u00ed de primera calidad, sal azul persa y exquisitos aceites de oliva. Creemos que los mejores ingredientes proceden de fuentes fiables, y [&hellip;]<\/p>\n","protected":false},"author":1,"featured_media":0,"parent":0,"menu_order":0,"comment_status":"closed","ping_status":"closed","template":"elementor_header_footer","meta":{"footnotes":""},"class_list":["post-692","page","type-page","status-publish","hentry"],"_links":{"self":[{"href":"https:\/\/miratera.com\/es\/wp-json\/wp\/v2\/pages\/692","targetHints":{"allow":["GET"]}}],"collection":[{"href":"https:\/\/miratera.com\/es\/wp-json\/wp\/v2\/pages"}],"about":[{"href":"https:\/\/miratera.com\/es\/wp-json\/wp\/v2\/types\/page"}],"author":[{"embeddable":true,"href":"https:\/\/miratera.com\/es\/wp-json\/wp\/v2\/users\/1"}],"replies":[{"embeddable":true,"href":"https:\/\/miratera.com\/es\/wp-json\/wp\/v2\/comments?post=692"}],"version-history":[{"count":8,"href":"https:\/\/miratera.com\/es\/wp-json\/wp\/v2\/pages\/692\/revisions"}],"predecessor-version":[{"id":891,"href":"https:\/\/miratera.com\/es\/wp-json\/wp\/v2\/pages\/692\/revisions\/891"}],"wp:attachment":[{"href":"https:\/\/miratera.com\/es\/wp-json\/wp\/v2\/media?parent=692"}],"curies":[{"name":"wp","href":"https:\/\/api.w.org\/{rel}","templated":true}]}}