{"id":688,"date":"2024-10-16T18:42:47","date_gmt":"2024-10-16T18:42:47","guid":{"rendered":"https:\/\/miratera.com\/politica-de-privacidad\/"},"modified":"2024-11-22T12:21:20","modified_gmt":"2024-11-22T12:21:20","slug":"politica-de-privacidad","status":"publish","type":"page","link":"https:\/\/miratera.com\/es\/politica-de-privacidad\/","title":{"rendered":"Pol\u00edtica de privacidad"},"content":{"rendered":"\t\t<div data-elementor-type=\"wp-page\" data-elementor-id=\"688\" class=\"elementor elementor-688 elementor-342\" data-elementor-post-type=\"page\">\n\t\t\t\t<div class=\"elementor-element elementor-element-2fb692fb e-flex e-con-boxed e-con e-parent\" data-id=\"2fb692fb\" data-element_type=\"container\" data-e-type=\"container\">\n\t\t\t\t\t<div class=\"e-con-inner\">\n\t\t\t\t<div class=\"elementor-element elementor-element-31f034b6 elementor-widget elementor-widget-text-editor\" data-id=\"31f034b6\" data-element_type=\"widget\" data-e-type=\"widget\" data-widget_type=\"text-editor.default\">\n\t\t\t\t<div class=\"elementor-widget-container\">\n\t\t\t\t\t\t\t\t\t<p><\/p>\n<p><strong>Miratera S.L.<\/strong><br>Avenida Pineda, 84 &#8211; P. 3 PTA. 4<br>08860 Castelldefels, Barcelona<br>Espa\u00f1a<br>Reg. Reg: ES-B56513237 <\/p>\n<p><\/p>\n<p><\/p>\n<p>Informaci\u00f3n de contacto:<br>Correo electr\u00f3nico: s.eshghi@miratera.com<\/p><p><br><\/p>\n<p><\/p>\n<p><\/p>\n<h3 class=\"wp-block-heading\"><strong>1. Introducci\u00f3n<\/strong><\/h3>\n<p><\/p>\n<p><\/p>\n<p>Miratera S.L. (\u00abnosotros\u00bb, \u00abnos\u00bb, \u00abnuestro\u00bb) respeta tu privacidad y se compromete a proteger tus datos personales. Esta Pol\u00edtica de Privacidad explica c\u00f3mo recopilamos, utilizamos, revelamos y protegemos tu informaci\u00f3n cuando visitas nuestro sitio web y utilizas nuestros servicios. Al acceder o utilizar nuestro sitio web, aceptas los t\u00e9rminos de esta Pol\u00edtica de privacidad.  <\/p><p><br><\/p>\n<p><\/p>\n<p><\/p>\n<p><\/p>\n<p><\/p>\n<h3 class=\"wp-block-heading\"><strong>2. Informaci\u00f3n que recogemos<\/strong><\/h3>\n<p><\/p>\n<p><\/p>\n<p>Podemos recoger los siguientes tipos de informaci\u00f3n:<\/p>\n<p><\/p>\n<p><\/p>\n<p>&#8211; <strong>Informaci\u00f3n de identificaci\u00f3n personal:<\/strong> Nombre, direcci\u00f3n de correo electr\u00f3nico, n\u00famero de tel\u00e9fono y otros datos de contacto cuando los env\u00edas voluntariamente a trav\u00e9s de nuestros formularios de contacto o te suscribes a nuestras comunicaciones.<\/p>\n<p><\/p>\n<p><\/p>\n<p>&#8211; <strong>Datos t\u00e9cnicos:<\/strong> Direcci\u00f3n IP, tipo de navegador, sistema operativo y datos de uso recogidos autom\u00e1ticamente mientras navegas por nuestro sitio.<\/p>\n<p><\/p>\n<p><\/p>\n<p>&#8211; <strong>Cookies y tecnolog\u00edas de seguimiento:<\/strong> Utilizamos cookies para mejorar tu experiencia en nuestro sitio web. Puedes ajustar la configuraci\u00f3n de tu navegador para rechazar las cookies, aunque esto puede afectar a la funcionalidad de nuestro sitio. <\/p><p><br><\/p>\n<p><\/p>\n<p><\/p>\n<p><\/p>\n<p><\/p>\n<h3 class=\"wp-block-heading\"><strong>3. C\u00f3mo utilizamos tu informaci\u00f3n<\/strong><\/h3>\n<p><\/p>\n<p><\/p>\n<p>Utilizamos la informaci\u00f3n que recogemos para diversos fines, entre ellos:<\/p>\n<p><\/p>\n<p><\/p>\n<p>&#8211; Para prestar y mantener nuestros servicios.<\/p>\n<p><\/p>\n<p><\/p>\n<p>&#8211; Para responder a tus consultas y comunicarnos contigo.<\/p>\n<p><\/p>\n<p><\/p>\n<p>&#8211; Para mejorar nuestro sitio web, productos y servicios bas\u00e1ndonos en tus comentarios y patrones de uso.<\/p>\n<p><\/p>\n<p><\/p>\n<p>&#8211; Para enviarte actualizaciones, boletines y ofertas promocionales, si has optado por recibir dichas comunicaciones.<\/p>\n<p><\/p>\n<p><\/p>\n<p>&#8211; Para cumplir las obligaciones legales y resolver litigios.<\/p><p><br><\/p>\n<p><\/p>\n<p><\/p>\n<p><\/p>\n<p><\/p>\n<p><\/p>\n<p><\/p>\n<h3 class=\"wp-block-heading\"><strong>4. C\u00f3mo compartimos tu informaci\u00f3n<\/strong><\/h3>\n<p><\/p>\n<p><\/p>\n<p>No vendemos, comerciamos ni transferimos de ning\u00fan otro modo tu informaci\u00f3n personal a terceros, excepto en los siguientes casos:<\/p>\n<p><\/p>\n<p><\/p>\n<p>&#8211; <strong>Proveedores de servicios:<\/strong> Podemos compartir tu informaci\u00f3n con terceros proveedores de servicios que nos ayuden en el funcionamiento de nuestro sitio web, en la realizaci\u00f3n de nuestro negocio o en el servicio que te prestamos, siempre que estas partes se comprometan a mantener la confidencialidad de esta informaci\u00f3n.<\/p>\n<p><\/p>\n<p><\/p>\n<p>&#8211; <strong>Requisitos legales:<\/strong> Podemos revelar tu informaci\u00f3n personal cuando lo exija la ley o para proteger nuestros derechos, propiedad o seguridad y los de otros.<\/p><p><br><\/p>\n<p><\/p>\n<p><\/p>\n<p><\/p>\n<p><\/p>\n<h3 class=\"wp-block-heading\"><strong>5. Seguridad de los datos<\/strong><\/h3>\n<p><\/p>\n<p><\/p>\n<p>Aplicamos las medidas de seguridad adecuadas para proteger tus datos personales contra el acceso no autorizado, la alteraci\u00f3n, la divulgaci\u00f3n o la destrucci\u00f3n. Sin embargo, ning\u00fan m\u00e9todo de transmisi\u00f3n por Internet o de almacenamiento electr\u00f3nico es seguro al 100%, por lo que no podemos garantizar su seguridad absoluta. <\/p><p><br><\/p>\n<p><\/p>\n<p><\/p>\n<p><\/p>\n<p><\/p>\n<h3 class=\"wp-block-heading\"><strong>6. Conservaci\u00f3n de tu informaci\u00f3n<\/strong><\/h3>\n<p><\/p>\n<p><\/p>\n<p>Conservaremos tu informaci\u00f3n personal s\u00f3lo durante el tiempo que sea necesario para los fines establecidos en esta Pol\u00edtica de privacidad. Conservaremos y utilizaremos tu informaci\u00f3n en la medida necesaria para cumplir con nuestras obligaciones legales <\/p>\n<p><\/p>\t\t\t\t\t\t\t\t<\/div>\n\t\t\t\t<\/div>\n\t\t\t\t\t<\/div>\n\t\t\t\t<\/div>\n\t\t\t\t<\/div>\n\t\t","protected":false},"excerpt":{"rendered":"<p>Miratera S.L.Avenida Pineda, 84 &#8211; P. 3 PTA. 408860 Castelldefels, BarcelonaEspa\u00f1aReg. Reg: ES-B56513237 Informaci\u00f3n de contacto:Correo electr\u00f3nico: s.eshghi@miratera.com 1. Introducci\u00f3n Miratera S.L. (\u00abnosotros\u00bb, \u00abnos\u00bb, \u00abnuestro\u00bb) respeta tu privacidad y se compromete a proteger tus datos personales. Esta Pol\u00edtica de Privacidad explica c\u00f3mo recopilamos, utilizamos, revelamos y protegemos tu informaci\u00f3n cuando visitas nuestro sitio web y [&hellip;]<\/p>\n","protected":false},"author":1,"featured_media":0,"parent":0,"menu_order":0,"comment_status":"closed","ping_status":"closed","template":"","meta":{"footnotes":""},"class_list":["post-688","page","type-page","status-publish","hentry"],"_links":{"self":[{"href":"https:\/\/miratera.com\/es\/wp-json\/wp\/v2\/pages\/688","targetHints":{"allow":["GET"]}}],"collection":[{"href":"https:\/\/miratera.com\/es\/wp-json\/wp\/v2\/pages"}],"about":[{"href":"https:\/\/miratera.com\/es\/wp-json\/wp\/v2\/types\/page"}],"author":[{"embeddable":true,"href":"https:\/\/miratera.com\/es\/wp-json\/wp\/v2\/users\/1"}],"replies":[{"embeddable":true,"href":"https:\/\/miratera.com\/es\/wp-json\/wp\/v2\/comments?post=688"}],"version-history":[{"count":5,"href":"https:\/\/miratera.com\/es\/wp-json\/wp\/v2\/pages\/688\/revisions"}],"predecessor-version":[{"id":695,"href":"https:\/\/miratera.com\/es\/wp-json\/wp\/v2\/pages\/688\/revisions\/695"}],"wp:attachment":[{"href":"https:\/\/miratera.com\/es\/wp-json\/wp\/v2\/media?parent=688"}],"curies":[{"name":"wp","href":"https:\/\/api.w.org\/{rel}","templated":true}]}}